{"id":1001,"date":"2023-10-04T03:56:22","date_gmt":"2023-10-04T03:56:22","guid":{"rendered":"https:\/\/andinadental.org\/page\/?page_id=1001"},"modified":"2024-10-09T20:23:38","modified_gmt":"2024-10-09T20:23:38","slug":"equipo-clinico","status":"publish","type":"page","link":"https:\/\/andinadental.org\/page\/es\/sobre-ads\/equipo-clinico\/","title":{"rendered":"Equipo cl\u00ednico"},"content":{"rendered":"\t\t<div data-elementor-type=\"wp-page\" data-elementor-id=\"1001\" class=\"elementor elementor-1001\">\n\t\t\t\t<div class=\"elementor-element elementor-element-5c9f4e8 elementor-hidden-desktop e-flex e-con-boxed e-con e-parent\" data-id=\"5c9f4e8\" data-element_type=\"container\" data-e-type=\"container\">\n\t\t\t\t\t<div class=\"e-con-inner\">\n\t\t\t\t<div class=\"elementor-element elementor-element-1799ac0 elementor-widget elementor-widget-image\" data-id=\"1799ac0\" data-element_type=\"widget\" data-e-type=\"widget\" data-widget_type=\"image.default\">\n\t\t\t\t<div class=\"elementor-widget-container\">\n\t\t\t\t\t\t\t\t\t\t\t\t\t\t\t<img data-opt-id=360706425  fetchpriority=\"high\" decoding=\"async\" width=\"1024\" height=\"741\" src=\"https:\/\/mlf9cnewaibj.i.optimole.com\/w:1024\/h:741\/q:mauto\/ig:avif\/https:\/\/andinadental.org\/page\/wp-content\/uploads\/2024\/09\/Mesa-de-trabajo-8.png\" class=\"attachment-large size-large wp-image-1127\" alt=\"\" srcset=\"https:\/\/mlf9cnewaibj.i.optimole.com\/w:1024\/h:741\/q:mauto\/ig:avif\/https:\/\/andinadental.org\/page\/wp-content\/uploads\/2024\/09\/Mesa-de-trabajo-8.png 1024w, https:\/\/mlf9cnewaibj.i.optimole.com\/w:300\/h:217\/q:mauto\/ig:avif\/https:\/\/andinadental.org\/page\/wp-content\/uploads\/2024\/09\/Mesa-de-trabajo-8.png 300w, https:\/\/mlf9cnewaibj.i.optimole.com\/w:768\/h:555\/q:mauto\/ig:avif\/https:\/\/andinadental.org\/page\/wp-content\/uploads\/2024\/09\/Mesa-de-trabajo-8.png 768w, https:\/\/mlf9cnewaibj.i.optimole.com\/w:1493\/h:1080\/q:mauto\/ig:avif\/https:\/\/andinadental.org\/page\/wp-content\/uploads\/2024\/09\/Mesa-de-trabajo-8.png 1536w, https:\/\/mlf9cnewaibj.i.optimole.com\/w:1493\/h:1080\/q:mauto\/ig:avif\/https:\/\/andinadental.org\/page\/wp-content\/uploads\/2024\/09\/Mesa-de-trabajo-8.png 2048w\" sizes=\"(max-width: 1000px) 100vw, 1000px\" \/>\t\t\t\t\t\t\t\t\t\t\t\t\t\t\t<\/div>\n\t\t\t\t<\/div>\n\t\t<div class=\"elementor-element elementor-element-ac2ee5c e-con-full e-flex e-con e-child\" data-id=\"ac2ee5c\" data-element_type=\"container\" data-e-type=\"container\">\n\t\t<div class=\"elementor-element elementor-element-8dd40e6 e-con-full e-flex e-con e-child\" data-id=\"8dd40e6\" data-element_type=\"container\" data-e-type=\"container\" data-settings=\"{&quot;background_background&quot;:&quot;classic&quot;}\">\n\t\t\t\t<div class=\"elementor-element elementor-element-a1701d0 elementor-widget elementor-widget-text-editor\" data-id=\"a1701d0\" data-element_type=\"widget\" data-e-type=\"widget\" data-widget_type=\"text-editor.default\">\n\t\t\t\t<div class=\"elementor-widget-container\">\n\t\t\t\t\t\t\t\t\tConoce a tu dentista,\n\nDr. Andr\u00e9s Hurtado.\u200b\t\t\t\t\t\t\t\t<\/div>\n\t\t\t\t<\/div>\n\t\t\t\t<div class=\"elementor-element elementor-element-9317ff7 elementor-widget elementor-widget-text-editor\" data-id=\"9317ff7\" data-element_type=\"widget\" data-e-type=\"widget\" data-widget_type=\"text-editor.default\">\n\t\t\t\t<div class=\"elementor-widget-container\">\n\t\t\t\t\t\t\t\t\tDr. Andr\u00e9s Hurtado naci\u00f3 en Cali, Colombia y se mud\u00f3 a los Estados Unidos en 2004. Es nuestro fundador, y una de las personas m\u00e1s trabajadoras que conocemos. Le apasiona la cirug\u00eda dental y los implantes dentales, as\u00ed que se ha estado preparando muy bien para darte la mejor atenci\u00f3n.\t\t\t\t\t\t\t\t<\/div>\n\t\t\t\t<\/div>\n\t\t\t\t<div class=\"elementor-element elementor-element-52ca02c elementor-widget elementor-widget-text-editor\" data-id=\"52ca02c\" data-element_type=\"widget\" data-e-type=\"widget\" data-widget_type=\"text-editor.default\">\n\t\t\t\t<div class=\"elementor-widget-container\">\n\t\t\t\t\t\t\t\t\tEl Dr. Hurtado obtuvo su Doctorado en Cirug\u00eda Dental de la Universidad de Colorado, en la Escuela de Medicina Dental en 2015, y tiene una maestr\u00eda del Congreso Internacional de Implantolog\u00eda Oral y la Academia Americana de Prostodonista de Implantes.\t\t\t\t\t\t\t\t<\/div>\n\t\t\t\t<\/div>\n\t\t\t\t<\/div>\n\t\t\t\t<\/div>\n\t\t\t\t\t<\/div>\n\t\t\t\t<\/div>\n\t\t<div class=\"elementor-element elementor-element-9e80ced elementor-hidden-tablet elementor-hidden-mobile e-flex e-con-boxed e-con e-parent\" data-id=\"9e80ced\" data-element_type=\"container\" data-e-type=\"container\" data-settings=\"{&quot;background_background&quot;:&quot;classic&quot;}\">\n\t\t\t\t\t<div class=\"e-con-inner\">\n\t\t<div class=\"elementor-element elementor-element-daae781 e-con-full e-flex e-con e-child\" data-id=\"daae781\" data-element_type=\"container\" data-e-type=\"container\">\n\t\t\t\t<\/div>\n\t\t<div class=\"elementor-element elementor-element-f06a196 e-con-full e-flex e-con e-child\" data-id=\"f06a196\" data-element_type=\"container\" data-e-type=\"container\">\n\t\t\t\t<div class=\"elementor-element elementor-element-c7955dd elementor-widget elementor-widget-heading\" data-id=\"c7955dd\" data-element_type=\"widget\" data-e-type=\"widget\" data-widget_type=\"heading.default\">\n\t\t\t\t<div class=\"elementor-widget-container\">\n\t\t\t\t\t<h2 class=\"elementor-heading-title elementor-size-default\">Conoce a tu dentista, <br>\nDr. Andr\u00e9s Hurtado.<\/h2>\t\t\t\t<\/div>\n\t\t\t\t<\/div>\n\t\t\t\t<div class=\"elementor-element elementor-element-e26b4fa elementor-widget elementor-widget-spacer\" data-id=\"e26b4fa\" data-element_type=\"widget\" data-e-type=\"widget\" data-widget_type=\"spacer.default\">\n\t\t\t\t<div class=\"elementor-widget-container\">\n\t\t\t\t\t\t\t<div class=\"elementor-spacer\">\n\t\t\t<div class=\"elementor-spacer-inner\"><\/div>\n\t\t<\/div>\n\t\t\t\t\t\t<\/div>\n\t\t\t\t<\/div>\n\t\t<div class=\"elementor-element elementor-element-d101bde e-con-full e-flex e-con e-child\" data-id=\"d101bde\" data-element_type=\"container\" data-e-type=\"container\" data-settings=\"{&quot;background_background&quot;:&quot;classic&quot;}\">\n\t\t\t\t<div class=\"elementor-element elementor-element-b40dc10 elementor-widget elementor-widget-text-editor\" data-id=\"b40dc10\" data-element_type=\"widget\" data-e-type=\"widget\" data-widget_type=\"text-editor.default\">\n\t\t\t\t<div class=\"elementor-widget-container\">\n\t\t\t\t\t\t\t\t\tDr. Andr\u00e9s Hurtado naci\u00f3 en Cali, Colombia y se mud\u00f3 a los Estados Unidos en 2004. Es nuestro fundador, y una de las personas m\u00e1s trabajadoras que conocemos. Le apasiona la cirug\u00eda dental y los implantes dentales, as\u00ed que se ha estado preparando muy bien para darte la mejor atenci\u00f3n.\t\t\t\t\t\t\t\t<\/div>\n\t\t\t\t<\/div>\n\t\t\t\t<div class=\"elementor-element elementor-element-1824b2f elementor-widget elementor-widget-text-editor\" data-id=\"1824b2f\" data-element_type=\"widget\" data-e-type=\"widget\" data-widget_type=\"text-editor.default\">\n\t\t\t\t<div class=\"elementor-widget-container\">\n\t\t\t\t\t\t\t\t\tEl Dr. Hurtado obtuvo su Doctorado en Cirug\u00eda Dental de la Universidad de Colorado, en la Escuela de Medicina Dental en 2015, y tiene una maestr\u00eda del Congreso Internacional de Implantolog\u00eda Oral y la Academia Americana de Prostodonista de Implantes.\t\t\t\t\t\t\t\t<\/div>\n\t\t\t\t<\/div>\n\t\t\t\t<\/div>\n\t\t\t\t<\/div>\n\t\t\t\t\t<\/div>\n\t\t\t\t<\/div>\n\t\t<div class=\"elementor-element elementor-element-bbb2be5 e-flex e-con-boxed e-con e-parent\" data-id=\"bbb2be5\" data-element_type=\"container\" data-e-type=\"container\" data-settings=\"{&quot;background_background&quot;:&quot;classic&quot;}\">\n\t\t\t\t\t<div class=\"e-con-inner\">\n\t\t\t\t<div class=\"elementor-element elementor-element-c2fc81e elementor-widget elementor-widget-heading\" data-id=\"c2fc81e\" data-element_type=\"widget\" data-e-type=\"widget\" data-widget_type=\"heading.default\">\n\t\t\t\t<div class=\"elementor-widget-container\">\n\t\t\t\t\t<h2 class=\"elementor-heading-title elementor-size-default\">\u00a1Conoce a nuestro equipo cl\u00ednico!<\/h2>\t\t\t\t<\/div>\n\t\t\t\t<\/div>\n\t\t<div class=\"elementor-element elementor-element-dd9df94 e-con-full e-flex e-con e-child\" data-id=\"dd9df94\" data-element_type=\"container\" data-e-type=\"container\">\n\t\t<div class=\"elementor-element elementor-element-b198035 e-con-full elementor-hidden-tablet elementor-hidden-mobile e-flex e-con e-child\" data-id=\"b198035\" data-element_type=\"container\" data-e-type=\"container\">\n\t\t\t\t<\/div>\n\t\t<div class=\"elementor-element elementor-element-16fa0cf e-con-full e-flex e-con e-child\" data-id=\"16fa0cf\" data-element_type=\"container\" data-e-type=\"container\">\n\t\t\t\t<div class=\"elementor-element elementor-element-af642e1 elementor-widget__width-initial elementor-widget elementor-widget-image\" data-id=\"af642e1\" data-element_type=\"widget\" data-e-type=\"widget\" data-widget_type=\"image.default\">\n\t\t\t\t<div class=\"elementor-widget-container\">\n\t\t\t\t\t\t\t\t\t\t\t\t\t\t\t<img data-opt-id=1347557214  fetchpriority=\"high\" decoding=\"async\" width=\"230\" height=\"300\" src=\"https:\/\/mlf9cnewaibj.i.optimole.com\/w:230\/h:300\/q:mauto\/ig:avif\/https:\/\/andinadental.org\/page\/wp-content\/uploads\/2024\/09\/Mesa-de-trabajo-13.png\" class=\"attachment-medium size-medium wp-image-1131\" alt=\"\" srcset=\"https:\/\/mlf9cnewaibj.i.optimole.com\/w:230\/h:300\/q:mauto\/ig:avif\/https:\/\/andinadental.org\/page\/wp-content\/uploads\/2024\/09\/Mesa-de-trabajo-13.png 230w, https:\/\/mlf9cnewaibj.i.optimole.com\/w:786\/h:1024\/q:mauto\/ig:avif\/https:\/\/andinadental.org\/page\/wp-content\/uploads\/2024\/09\/Mesa-de-trabajo-13.png 786w, https:\/\/mlf9cnewaibj.i.optimole.com\/w:768\/h:1000\/q:mauto\/ig:avif\/https:\/\/andinadental.org\/page\/wp-content\/uploads\/2024\/09\/Mesa-de-trabajo-13.png 768w, https:\/\/mlf9cnewaibj.i.optimole.com\/w:829\/h:1080\/q:mauto\/ig:avif\/https:\/\/andinadental.org\/page\/wp-content\/uploads\/2024\/09\/Mesa-de-trabajo-13.png 892w\" sizes=\"(max-width: 230px) 100vw, 230px\" \/>\t\t\t\t\t\t\t\t\t\t\t\t\t\t\t<\/div>\n\t\t\t\t<\/div>\n\t\t\t\t<div class=\"elementor-element elementor-element-1b64094 elementor-widget elementor-widget-text-editor\" data-id=\"1b64094\" data-element_type=\"widget\" data-e-type=\"widget\" data-widget_type=\"text-editor.default\">\n\t\t\t\t<div class=\"elementor-widget-container\">\n\t\t\t\t\t\t\t\t\tTarlan Arshian, DMD\t\t\t\t\t\t\t\t<\/div>\n\t\t\t\t<\/div>\n\t\t\t\t<\/div>\n\t\t<div class=\"elementor-element elementor-element-4e1cadf e-con-full elementor-hidden-tablet elementor-hidden-mobile e-flex e-con e-child\" data-id=\"4e1cadf\" data-element_type=\"container\" data-e-type=\"container\">\n\t\t\t\t<\/div>\n\t\t<div class=\"elementor-element elementor-element-b5733bc e-con-full e-flex e-con e-child\" data-id=\"b5733bc\" data-element_type=\"container\" data-e-type=\"container\">\n\t\t\t\t<div class=\"elementor-element elementor-element-fc49020 elementor-widget__width-initial elementor-widget elementor-widget-image\" data-id=\"fc49020\" data-element_type=\"widget\" data-e-type=\"widget\" data-widget_type=\"image.default\">\n\t\t\t\t<div class=\"elementor-widget-container\">\n\t\t\t\t\t\t\t\t\t\t\t\t\t\t\t<img data-opt-id=828275395  data-opt-src=\"https:\/\/mlf9cnewaibj.i.optimole.com\/w:230\/h:300\/q:mauto\/ig:avif\/https:\/\/andinadental.org\/page\/wp-content\/uploads\/2024\/09\/Mesa-de-trabajo-14.png\"  decoding=\"async\" width=\"230\" height=\"300\" src=\"data:image/svg+xml,%3Csvg%20viewBox%3D%220%200%20230%20300%22%20width%3D%22230%22%20height%3D%22300%22%20xmlns%3D%22http%3A%2F%2Fwww.w3.org%2F2000%2Fsvg%22%3E%3Crect%20width%3D%22230%22%20height%3D%22300%22%20fill%3D%22transparent%22%2F%3E%3C%2Fsvg%3E\" class=\"attachment-medium size-medium wp-image-1132\" alt=\"\" old-srcset=\"https:\/\/mlf9cnewaibj.i.optimole.com\/w:230\/h:300\/q:mauto\/ig:avif\/https:\/\/andinadental.org\/page\/wp-content\/uploads\/2024\/09\/Mesa-de-trabajo-14.png 230w, https:\/\/mlf9cnewaibj.i.optimole.com\/w:786\/h:1024\/q:mauto\/ig:avif\/https:\/\/andinadental.org\/page\/wp-content\/uploads\/2024\/09\/Mesa-de-trabajo-14.png 786w, https:\/\/mlf9cnewaibj.i.optimole.com\/w:768\/h:1000\/q:mauto\/ig:avif\/https:\/\/andinadental.org\/page\/wp-content\/uploads\/2024\/09\/Mesa-de-trabajo-14.png 768w, https:\/\/mlf9cnewaibj.i.optimole.com\/w:829\/h:1080\/q:mauto\/ig:avif\/https:\/\/andinadental.org\/page\/wp-content\/uploads\/2024\/09\/Mesa-de-trabajo-14.png 892w\" \/>\t\t\t\t\t\t\t\t\t\t\t\t\t\t\t<\/div>\n\t\t\t\t<\/div>\n\t\t\t\t<div class=\"elementor-element elementor-element-685c3a4 elementor-widget elementor-widget-text-editor\" data-id=\"685c3a4\" data-element_type=\"widget\" data-e-type=\"widget\" data-widget_type=\"text-editor.default\">\n\t\t\t\t<div class=\"elementor-widget-container\">\n\t\t\t\t\t\t\t\t\tShannon, Higienista\t\t\t\t\t\t\t\t<\/div>\n\t\t\t\t<\/div>\n\t\t\t\t<\/div>\n\t\t<div class=\"elementor-element elementor-element-d875d42 e-con-full elementor-hidden-tablet elementor-hidden-mobile e-flex e-con e-child\" data-id=\"d875d42\" data-element_type=\"container\" data-e-type=\"container\">\n\t\t\t\t<\/div>\n\t\t\t\t<\/div>\n\t\t<div class=\"elementor-element elementor-element-d647f1e e-con-full e-flex e-con e-child\" data-id=\"d647f1e\" data-element_type=\"container\" data-e-type=\"container\">\n\t\t<div class=\"elementor-element elementor-element-8d87d90 e-con-full elementor-hidden-tablet elementor-hidden-mobile e-flex e-con e-child\" data-id=\"8d87d90\" data-element_type=\"container\" data-e-type=\"container\">\n\t\t\t\t<\/div>\n\t\t<div class=\"elementor-element elementor-element-64c9847 e-con-full e-flex e-con e-child\" data-id=\"64c9847\" data-element_type=\"container\" data-e-type=\"container\">\n\t\t\t\t<div class=\"elementor-element elementor-element-fe10122 elementor-widget__width-initial elementor-widget elementor-widget-image\" data-id=\"fe10122\" data-element_type=\"widget\" data-e-type=\"widget\" data-widget_type=\"image.default\">\n\t\t\t\t<div class=\"elementor-widget-container\">\n\t\t\t\t\t\t\t\t\t\t\t\t\t\t\t<img data-opt-id=823035975  data-opt-src=\"https:\/\/mlf9cnewaibj.i.optimole.com\/w:230\/h:300\/q:mauto\/ig:avif\/https:\/\/andinadental.org\/page\/wp-content\/uploads\/2024\/09\/Mesa-de-trabajo-10.png\"  loading=\"lazy\" decoding=\"async\" width=\"230\" height=\"300\" src=\"data:image/svg+xml,%3Csvg%20viewBox%3D%220%200%20230%20300%22%20width%3D%22230%22%20height%3D%22300%22%20xmlns%3D%22http%3A%2F%2Fwww.w3.org%2F2000%2Fsvg%22%3E%3Crect%20width%3D%22230%22%20height%3D%22300%22%20fill%3D%22transparent%22%2F%3E%3C%2Fsvg%3E\" class=\"attachment-medium size-medium wp-image-1129\" alt=\"\" old-srcset=\"https:\/\/mlf9cnewaibj.i.optimole.com\/w:230\/h:300\/q:mauto\/ig:avif\/https:\/\/andinadental.org\/page\/wp-content\/uploads\/2024\/09\/Mesa-de-trabajo-10.png 230w, https:\/\/mlf9cnewaibj.i.optimole.com\/w:786\/h:1024\/q:mauto\/ig:avif\/https:\/\/andinadental.org\/page\/wp-content\/uploads\/2024\/09\/Mesa-de-trabajo-10.png 786w, https:\/\/mlf9cnewaibj.i.optimole.com\/w:768\/h:1000\/q:mauto\/ig:avif\/https:\/\/andinadental.org\/page\/wp-content\/uploads\/2024\/09\/Mesa-de-trabajo-10.png 768w, https:\/\/mlf9cnewaibj.i.optimole.com\/w:829\/h:1080\/q:mauto\/ig:avif\/https:\/\/andinadental.org\/page\/wp-content\/uploads\/2024\/09\/Mesa-de-trabajo-10.png 892w\" \/>\t\t\t\t\t\t\t\t\t\t\t\t\t\t\t<\/div>\n\t\t\t\t<\/div>\n\t\t\t\t<div class=\"elementor-element elementor-element-1e01230 elementor-widget elementor-widget-text-editor\" data-id=\"1e01230\" data-element_type=\"widget\" data-e-type=\"widget\" data-widget_type=\"text-editor.default\">\n\t\t\t\t<div class=\"elementor-widget-container\">\n\t\t\t\t\t\t\t\t\tKia, L\u00edder de asistentes dentales\t\t\t\t\t\t\t\t<\/div>\n\t\t\t\t<\/div>\n\t\t\t\t<\/div>\n\t\t<div class=\"elementor-element elementor-element-b0fd2ca e-con-full elementor-hidden-tablet elementor-hidden-mobile e-flex e-con e-child\" data-id=\"b0fd2ca\" data-element_type=\"container\" data-e-type=\"container\">\n\t\t\t\t<\/div>\n\t\t<div class=\"elementor-element elementor-element-975e167 e-con-full e-flex e-con e-child\" data-id=\"975e167\" data-element_type=\"container\" data-e-type=\"container\">\n\t\t\t\t<div class=\"elementor-element elementor-element-8877415 elementor-widget__width-initial elementor-widget elementor-widget-image\" data-id=\"8877415\" data-element_type=\"widget\" data-e-type=\"widget\" data-widget_type=\"image.default\">\n\t\t\t\t<div class=\"elementor-widget-container\">\n\t\t\t\t\t\t\t\t\t\t\t\t\t\t\t<img data-opt-id=1496373455  data-opt-src=\"https:\/\/mlf9cnewaibj.i.optimole.com\/w:230\/h:300\/q:mauto\/ig:avif\/https:\/\/andinadental.org\/page\/wp-content\/uploads\/2024\/09\/Mesa-de-trabajo-10-1.png\"  loading=\"lazy\" decoding=\"async\" width=\"230\" height=\"300\" src=\"data:image/svg+xml,%3Csvg%20viewBox%3D%220%200%20230%20300%22%20width%3D%22230%22%20height%3D%22300%22%20xmlns%3D%22http%3A%2F%2Fwww.w3.org%2F2000%2Fsvg%22%3E%3Crect%20width%3D%22230%22%20height%3D%22300%22%20fill%3D%22transparent%22%2F%3E%3C%2Fsvg%3E\" class=\"attachment-medium size-medium wp-image-1133\" alt=\"\" old-srcset=\"https:\/\/mlf9cnewaibj.i.optimole.com\/w:230\/h:300\/q:mauto\/ig:avif\/https:\/\/andinadental.org\/page\/wp-content\/uploads\/2024\/09\/Mesa-de-trabajo-10-1.png 230w, https:\/\/mlf9cnewaibj.i.optimole.com\/w:786\/h:1024\/q:mauto\/ig:avif\/https:\/\/andinadental.org\/page\/wp-content\/uploads\/2024\/09\/Mesa-de-trabajo-10-1.png 786w, https:\/\/mlf9cnewaibj.i.optimole.com\/w:768\/h:1000\/q:mauto\/ig:avif\/https:\/\/andinadental.org\/page\/wp-content\/uploads\/2024\/09\/Mesa-de-trabajo-10-1.png 768w, https:\/\/mlf9cnewaibj.i.optimole.com\/w:829\/h:1080\/q:mauto\/ig:avif\/https:\/\/andinadental.org\/page\/wp-content\/uploads\/2024\/09\/Mesa-de-trabajo-10-1.png 892w\" \/>\t\t\t\t\t\t\t\t\t\t\t\t\t\t\t<\/div>\n\t\t\t\t<\/div>\n\t\t\t\t<div class=\"elementor-element elementor-element-7463b0d elementor-widget elementor-widget-text-editor\" data-id=\"7463b0d\" data-element_type=\"widget\" data-e-type=\"widget\" data-widget_type=\"text-editor.default\">\n\t\t\t\t<div class=\"elementor-widget-container\">\n\t\t\t\t\t\t\t\t\tMarlene, Coordinadora de tratamientos\t\t\t\t\t\t\t\t<\/div>\n\t\t\t\t<\/div>\n\t\t\t\t<\/div>\n\t\t<div class=\"elementor-element elementor-element-e8d75e2 e-con-full elementor-hidden-tablet elementor-hidden-mobile e-flex e-con e-child\" data-id=\"e8d75e2\" data-element_type=\"container\" data-e-type=\"container\">\n\t\t\t\t<\/div>\n\t\t\t\t<\/div>\n\t\t\t\t\t<\/div>\n\t\t\t\t<\/div>\n\t\t<div class=\"elementor-element elementor-element-4b050fe e-flex e-con-boxed e-con e-parent\" data-id=\"4b050fe\" data-element_type=\"container\" data-e-type=\"container\">\n\t\t\t\t\t<div class=\"e-con-inner\">\n\t\t\t\t<div class=\"elementor-element elementor-element-ed6b83f elementor-widget elementor-widget-button\" data-id=\"ed6b83f\" data-element_type=\"widget\" data-e-type=\"widget\" data-widget_type=\"button.default\">\n\t\t\t\t<div class=\"elementor-widget-container\">\n\t\t\t\t\t\t\t\t\t<div class=\"elementor-button-wrapper\">\n\t\t\t\t\t<a class=\"elementor-button elementor-button-link elementor-size-xl\" href=\"https:\/\/andinadental.org\/page\/es\/sobre-ads\/equipo-administrativo\/\">\n\t\t\t\t\t\t<span class=\"elementor-button-content-wrapper\">\n\t\t\t\t\t\t\t\t\t<span class=\"elementor-button-text\">Equipo <span class=\"semibold-text\">administrativo<\/span><\/span>\n\t\t\t\t\t<\/span>\n\t\t\t\t\t<\/a>\n\t\t\t\t<\/div>\n\t\t\t\t\t\t\t\t<\/div>\n\t\t\t\t<\/div>\n\t\t\t\t<div class=\"elementor-element elementor-element-efd09f8 elementor-widget elementor-widget-button\" data-id=\"efd09f8\" data-element_type=\"widget\" data-e-type=\"widget\" data-widget_type=\"button.default\">\n\t\t\t\t<div class=\"elementor-widget-container\">\n\t\t\t\t\t\t\t\t\t<div class=\"elementor-button-wrapper\">\n\t\t\t\t\t<a class=\"elementor-button elementor-button-link elementor-size-xl\" href=\"https:\/\/andinadental.org\/page\/es\/servicios\/\">\n\t\t\t\t\t\t<span class=\"elementor-button-content-wrapper\">\n\t\t\t\t\t\t\t\t\t<span class=\"elementor-button-text\">Servicios<\/span>\n\t\t\t\t\t<\/span>\n\t\t\t\t\t<\/a>\n\t\t\t\t<\/div>\n\t\t\t\t\t\t\t\t<\/div>\n\t\t\t\t<\/div>\n\t\t\t\t<div class=\"elementor-element elementor-element-3dd0421 elementor-widget elementor-widget-button\" data-id=\"3dd0421\" data-element_type=\"widget\" data-e-type=\"widget\" data-widget_type=\"button.default\">\n\t\t\t\t<div class=\"elementor-widget-container\">\n\t\t\t\t\t\t\t\t\t<div class=\"elementor-button-wrapper\">\n\t\t\t\t\t<a class=\"elementor-button elementor-button-link elementor-size-xl\" href=\"https:\/\/andinadental.org\/page\/es\/contacto\/\">\n\t\t\t\t\t\t<span class=\"elementor-button-content-wrapper\">\n\t\t\t\t\t\t\t\t\t<span class=\"elementor-button-text\">Agenda una cita<\/span>\n\t\t\t\t\t<\/span>\n\t\t\t\t\t<\/a>\n\t\t\t\t<\/div>\n\t\t\t\t\t\t\t\t<\/div>\n\t\t\t\t<\/div>\n\t\t\t\t\t<\/div>\n\t\t\t\t<\/div>\n\t\t\t\t<\/div>\n\t\t","protected":false},"excerpt":{"rendered":"<p>Conoce a tu dentista, Dr. Andr\u00e9s Hurtado.\u200bDr. Andr\u00e9s Hurtado naci\u00f3 en Cali, Colombia y se mud\u00f3 a los Estados Unidos en 2004. Es nuestro fundador, y una de las personas m\u00e1s trabajadoras que conocemos. Le apasiona la cirug\u00eda dental y los implantes dentales, as\u00ed que se ha estado preparando muy bien para darte la mejor [&hellip;]<\/p>\n","protected":false},"author":1,"featured_media":0,"parent":991,"menu_order":0,"comment_status":"closed","ping_status":"closed","template":"","meta":{"pagelayer_contact_templates":[],"_pagelayer_content":"","site-sidebar-layout":"no-sidebar","site-content-layout":"page-builder","ast-site-content-layout":"full-width-container","site-content-style":"default","site-sidebar-style":"default","ast-global-header-display":"","ast-banner-title-visibility":"","ast-main-header-display":"","ast-hfb-above-header-display":"","ast-hfb-below-header-display":"","ast-hfb-mobile-header-display":"","site-post-title":"disabled","ast-breadcrumbs-content":"","ast-featured-img":"disabled","footer-sml-layout":"","ast-disable-related-posts":"","theme-transparent-header-meta":"","adv-header-id-meta":"","stick-header-meta":"","header-above-stick-meta":"","header-main-stick-meta":"","header-below-stick-meta":"","astra-migrate-meta-layouts":"set","ast-page-background-enabled":"default","ast-page-background-meta":{"desktop":{"background-color":"var(--ast-global-color-4)","background-image":"","background-repeat":"repeat","background-position":"center center","background-size":"auto","background-attachment":"scroll","background-type":"","background-media":"","overlay-type":"","overlay-color":"","overlay-opacity":"","overlay-gradient":""},"tablet":{"background-color":"","background-image":"","background-repeat":"repeat","background-position":"center center","background-size":"auto","background-attachment":"scroll","background-type":"","background-media":"","overlay-type":"","overlay-color":"","overlay-opacity":"","overlay-gradient":""},"mobile":{"background-color":"","background-image":"","background-repeat":"repeat","background-position":"center center","background-size":"auto","background-attachment":"scroll","background-type":"","background-media":"","overlay-type":"","overlay-color":"","overlay-opacity":"","overlay-gradient":""}},"ast-content-background-meta":{"desktop":{"background-color":"var(--ast-global-color-5)","background-image":"","background-repeat":"repeat","background-position":"center center","background-size":"auto","background-attachment":"scroll","background-type":"","background-media":"","overlay-type":"","overlay-color":"","overlay-opacity":"","overlay-gradient":""},"tablet":{"background-color":"var(--ast-global-color-5)","background-image":"","background-repeat":"repeat","background-position":"center center","background-size":"auto","background-attachment":"scroll","background-type":"","background-media":"","overlay-type":"","overlay-color":"","overlay-opacity":"","overlay-gradient":""},"mobile":{"background-color":"var(--ast-global-color-5)","background-image":"","background-repeat":"repeat","background-position":"center center","background-size":"auto","background-attachment":"scroll","background-type":"","background-media":"","overlay-type":"","overlay-color":"","overlay-opacity":"","overlay-gradient":""}},"footnotes":""},"class_list":["post-1001","page","type-page","status-publish","hentry"],"_links":{"self":[{"href":"https:\/\/andinadental.org\/page\/wp-json\/wp\/v2\/pages\/1001","targetHints":{"allow":["GET"]}}],"collection":[{"href":"https:\/\/andinadental.org\/page\/wp-json\/wp\/v2\/pages"}],"about":[{"href":"https:\/\/andinadental.org\/page\/wp-json\/wp\/v2\/types\/page"}],"author":[{"embeddable":true,"href":"https:\/\/andinadental.org\/page\/wp-json\/wp\/v2\/users\/1"}],"replies":[{"embeddable":true,"href":"https:\/\/andinadental.org\/page\/wp-json\/wp\/v2\/comments?post=1001"}],"version-history":[{"count":13,"href":"https:\/\/andinadental.org\/page\/wp-json\/wp\/v2\/pages\/1001\/revisions"}],"predecessor-version":[{"id":1182,"href":"https:\/\/andinadental.org\/page\/wp-json\/wp\/v2\/pages\/1001\/revisions\/1182"}],"up":[{"embeddable":true,"href":"https:\/\/andinadental.org\/page\/wp-json\/wp\/v2\/pages\/991"}],"wp:attachment":[{"href":"https:\/\/andinadental.org\/page\/wp-json\/wp\/v2\/media?parent=1001"}],"curies":[{"name":"wp","href":"https:\/\/api.w.org\/{rel}","templated":true}]}}