{"id":991,"date":"2023-10-04T03:48:57","date_gmt":"2023-10-04T03:48:57","guid":{"rendered":"https:\/\/andinadental.org\/page\/?page_id=991"},"modified":"2024-09-18T23:51:28","modified_gmt":"2024-09-18T23:51:28","slug":"sobre-ads","status":"publish","type":"page","link":"https:\/\/andinadental.org\/page\/es\/sobre-ads\/","title":{"rendered":"Sobre ADS"},"content":{"rendered":"\t\t<div data-elementor-type=\"wp-page\" data-elementor-id=\"991\" class=\"elementor elementor-991\">\n\t\t\t\t<div class=\"elementor-element elementor-element-eb217c7 elementor-hidden-desktop e-flex e-con-boxed e-con e-parent\" data-id=\"eb217c7\" data-element_type=\"container\" data-e-type=\"container\">\n\t\t\t\t\t<div class=\"e-con-inner\">\n\t\t\t\t<div class=\"elementor-element elementor-element-1cc2d11 elementor-widget elementor-widget-image\" data-id=\"1cc2d11\" data-element_type=\"widget\" data-e-type=\"widget\" data-widget_type=\"image.default\">\n\t\t\t\t<div class=\"elementor-widget-container\">\n\t\t\t\t\t\t\t\t\t\t\t\t\t\t\t<img data-opt-id=282879840  fetchpriority=\"high\" decoding=\"async\" width=\"800\" height=\"535\" src=\"https:\/\/mlf9cnewaibj.i.optimole.com\/w:auto\/h:auto\/q:mauto\/ig:avif\/https:\/\/andinadental.org\/page\/wp-content\/uploads\/2023\/08\/Andres_carolina.png\" class=\"attachment-large size-large wp-image-345\" alt=\"\" srcset=\"https:\/\/mlf9cnewaibj.i.optimole.com\/w:800\/h:535\/q:mauto\/ig:avif\/https:\/\/andinadental.org\/page\/wp-content\/uploads\/2023\/08\/Andres_carolina.png 800w, https:\/\/mlf9cnewaibj.i.optimole.com\/w:300\/h:201\/q:mauto\/ig:avif\/https:\/\/andinadental.org\/page\/wp-content\/uploads\/2023\/08\/Andres_carolina.png 300w, https:\/\/mlf9cnewaibj.i.optimole.com\/w:768\/h:514\/q:mauto\/ig:avif\/https:\/\/andinadental.org\/page\/wp-content\/uploads\/2023\/08\/Andres_carolina.png 768w\" sizes=\"(max-width: 800px) 100vw, 800px\" \/>\t\t\t\t\t\t\t\t\t\t\t\t\t\t\t<\/div>\n\t\t\t\t<\/div>\n\t\t<div class=\"elementor-element elementor-element-de787a5 e-con-full e-flex e-con e-child\" data-id=\"de787a5\" data-element_type=\"container\" data-e-type=\"container\">\n\t\t<div class=\"elementor-element elementor-element-9b8064b e-con-full e-flex e-con e-child\" data-id=\"9b8064b\" data-element_type=\"container\" data-e-type=\"container\" data-settings=\"{&quot;background_background&quot;:&quot;classic&quot;}\">\n\t\t\t\t<div class=\"elementor-element elementor-element-4c533c1 elementor-widget elementor-widget-text-editor\" data-id=\"4c533c1\" data-element_type=\"widget\" data-e-type=\"widget\" data-widget_type=\"text-editor.default\">\n\t\t\t\t<div class=\"elementor-widget-container\">\n\t\t\t\t\t\t\t\t\tEn Andina Dental Studio trabajamos todos los d\u00edas por tener un <span class=\"black-font\">impacto positivo<\/span> en nuestra comunidad a trav\u00e9s de la odontolog\u00eda.\n\t\t\t\t\t\t\t\t<\/div>\n\t\t\t\t<\/div>\n\t\t\t\t<div class=\"elementor-element elementor-element-95cc2c8 elementor-widget elementor-widget-text-editor\" data-id=\"95cc2c8\" data-element_type=\"widget\" data-e-type=\"widget\" data-widget_type=\"text-editor.default\">\n\t\t\t\t<div class=\"elementor-widget-container\">\n\t\t\t\t\t\t\t\t\tSomos Andres y Catalina,\t\t\t\t\t\t\t\t<\/div>\n\t\t\t\t<\/div>\n\t\t\t\t<div class=\"elementor-element elementor-element-8c86faf elementor-widget elementor-widget-text-editor\" data-id=\"8c86faf\" data-element_type=\"widget\" data-e-type=\"widget\" data-widget_type=\"text-editor.default\">\n\t\t\t\t<div class=\"elementor-widget-container\">\n\t\t\t\t\t\t\t\t\tAbrimos esta cl\u00ednica hace dos a\u00f1os, esforz\u00e1ndonos para convertirla en una soluci\u00f3n para las familias que quieren sentir confianza y belleza a trav\u00e9s de una sonrisa sana.\t\t\t\t\t\t\t\t<\/div>\n\t\t\t\t<\/div>\n\t\t\t\t<div class=\"elementor-element elementor-element-6012797 elementor-widget elementor-widget-text-editor\" data-id=\"6012797\" data-element_type=\"widget\" data-e-type=\"widget\" data-widget_type=\"text-editor.default\">\n\t\t\t\t<div class=\"elementor-widget-container\">\n\t\t\t\t\t\t\t\t\tTrabajamos todos los d\u00edas para hacer que nuestros pacientes se sientan en casa, y para hacer de esta cl\u00ednica un espacio seguro para ti y tu familia.\t\t\t\t\t\t\t\t<\/div>\n\t\t\t\t<\/div>\n\t\t\t\t<\/div>\n\t\t\t\t<\/div>\n\t\t\t\t\t<\/div>\n\t\t\t\t<\/div>\n\t\t<div class=\"elementor-element elementor-element-8b3b274 elementor-hidden-tablet elementor-hidden-mobile e-flex e-con-boxed e-con e-parent\" data-id=\"8b3b274\" data-element_type=\"container\" data-e-type=\"container\" data-settings=\"{&quot;background_background&quot;:&quot;classic&quot;}\">\n\t\t\t\t\t<div class=\"e-con-inner\">\n\t\t<div class=\"elementor-element elementor-element-8f72fd8 e-con-full e-flex e-con e-child\" data-id=\"8f72fd8\" data-element_type=\"container\" data-e-type=\"container\">\n\t\t<div class=\"elementor-element elementor-element-1e1e0a3 e-con-full e-flex e-con e-child\" data-id=\"1e1e0a3\" data-element_type=\"container\" data-e-type=\"container\" data-settings=\"{&quot;background_background&quot;:&quot;classic&quot;}\">\n\t\t\t\t<div class=\"elementor-element elementor-element-5dfc0d2 elementor-widget elementor-widget-text-editor\" data-id=\"5dfc0d2\" data-element_type=\"widget\" data-e-type=\"widget\" data-widget_type=\"text-editor.default\">\n\t\t\t\t<div class=\"elementor-widget-container\">\n\t\t\t\t\t\t\t\t\tEn Andina Dental Studio trabajamos todos los d\u00edas por tener un <span class=\"black-font\">impacto positivo<\/span> en nuestra comunidad a trav\u00e9s de la odontolog\u00eda.\n\t\t\t\t\t\t\t\t<\/div>\n\t\t\t\t<\/div>\n\t\t\t\t<div class=\"elementor-element elementor-element-4682288 elementor-widget elementor-widget-text-editor\" data-id=\"4682288\" data-element_type=\"widget\" data-e-type=\"widget\" data-widget_type=\"text-editor.default\">\n\t\t\t\t<div class=\"elementor-widget-container\">\n\t\t\t\t\t\t\t\t\tSomos Andres y Catalina,\t\t\t\t\t\t\t\t<\/div>\n\t\t\t\t<\/div>\n\t\t\t\t<div class=\"elementor-element elementor-element-9ca29d0 elementor-widget elementor-widget-text-editor\" data-id=\"9ca29d0\" data-element_type=\"widget\" data-e-type=\"widget\" data-widget_type=\"text-editor.default\">\n\t\t\t\t<div class=\"elementor-widget-container\">\n\t\t\t\t\t\t\t\t\tAbrimos esta cl\u00ednica hace dos a\u00f1os, esforz\u00e1ndonos para convertirla en una soluci\u00f3n para las familias que quieren sentir confianza y belleza a trav\u00e9s de una sonrisa sana.\t\t\t\t\t\t\t\t<\/div>\n\t\t\t\t<\/div>\n\t\t\t\t<div class=\"elementor-element elementor-element-f8095a4 elementor-widget elementor-widget-text-editor\" data-id=\"f8095a4\" data-element_type=\"widget\" data-e-type=\"widget\" data-widget_type=\"text-editor.default\">\n\t\t\t\t<div class=\"elementor-widget-container\">\n\t\t\t\t\t\t\t\t\tTrabajamos todos los d\u00edas para hacer que nuestros pacientes se sientan en casa, y para hacer de esta cl\u00ednica un espacio seguro para ti y tu familia.\t\t\t\t\t\t\t\t<\/div>\n\t\t\t\t<\/div>\n\t\t\t\t<\/div>\n\t\t\t\t<\/div>\n\t\t<div class=\"elementor-element elementor-element-a9a9619 e-con-full e-flex e-con e-child\" data-id=\"a9a9619\" data-element_type=\"container\" data-e-type=\"container\">\n\t\t\t\t<\/div>\n\t\t\t\t\t<\/div>\n\t\t\t\t<\/div>\n\t\t<div class=\"elementor-element elementor-element-76762cd e-flex e-con-boxed e-con e-parent\" data-id=\"76762cd\" data-element_type=\"container\" data-e-type=\"container\">\n\t\t\t\t\t<div class=\"e-con-inner\">\n\t\t\t\t<div class=\"elementor-element elementor-element-87cf7a5 elementor-widget elementor-widget-text-editor\" data-id=\"87cf7a5\" data-element_type=\"widget\" data-e-type=\"widget\" data-widget_type=\"text-editor.default\">\n\t\t\t\t<div class=\"elementor-widget-container\">\n\t\t\t\t\t\t\t\t\tPero esto va mucho m\u00e1s all\u00e1 que nosotros dos.\t\t\t\t\t\t\t\t<\/div>\n\t\t\t\t<\/div>\n\t\t\t\t<div class=\"elementor-element elementor-element-3a0d48e elementor-widget elementor-widget-text-editor\" data-id=\"3a0d48e\" data-element_type=\"widget\" data-e-type=\"widget\" data-widget_type=\"text-editor.default\">\n\t\t\t\t<div class=\"elementor-widget-container\">\n\t\t\t\t\t\t\t\t\tConoce el resto de nuestro equipo (son bastante geniales)\t\t\t\t\t\t\t\t<\/div>\n\t\t\t\t<\/div>\n\t\t\t\t<div class=\"elementor-element elementor-element-1914043 elementor-widget elementor-widget-spacer\" data-id=\"1914043\" data-element_type=\"widget\" data-e-type=\"widget\" data-widget_type=\"spacer.default\">\n\t\t\t\t<div class=\"elementor-widget-container\">\n\t\t\t\t\t\t\t<div class=\"elementor-spacer\">\n\t\t\t<div class=\"elementor-spacer-inner\"><\/div>\n\t\t<\/div>\n\t\t\t\t\t\t<\/div>\n\t\t\t\t<\/div>\n\t\t\t\t\t<\/div>\n\t\t\t\t<\/div>\n\t\t<div class=\"elementor-element elementor-element-f7c985b e-flex e-con-boxed e-con e-parent\" data-id=\"f7c985b\" data-element_type=\"container\" data-e-type=\"container\">\n\t\t\t\t\t<div class=\"e-con-inner\">\n\t\t\t\t<div class=\"elementor-element elementor-element-80fb24f elementor-widget elementor-widget-button\" data-id=\"80fb24f\" data-element_type=\"widget\" data-e-type=\"widget\" data-widget_type=\"button.default\">\n\t\t\t\t<div class=\"elementor-widget-container\">\n\t\t\t\t\t\t\t\t\t<div class=\"elementor-button-wrapper\">\n\t\t\t\t\t<a class=\"elementor-button elementor-button-link elementor-size-xl\" href=\"https:\/\/andinadental.org\/page\/es\/sobre-ads\/equipo-clinico\/\">\n\t\t\t\t\t\t<span class=\"elementor-button-content-wrapper\">\n\t\t\t\t\t\t\t\t\t<span class=\"elementor-button-text\">Equipo <span class=\"semibold-text\">cl\u00ednico<\/span><\/span>\n\t\t\t\t\t<\/span>\n\t\t\t\t\t<\/a>\n\t\t\t\t<\/div>\n\t\t\t\t\t\t\t\t<\/div>\n\t\t\t\t<\/div>\n\t\t\t\t<div class=\"elementor-element elementor-element-6ce13f9 elementor-widget elementor-widget-button\" data-id=\"6ce13f9\" data-element_type=\"widget\" data-e-type=\"widget\" data-widget_type=\"button.default\">\n\t\t\t\t<div class=\"elementor-widget-container\">\n\t\t\t\t\t\t\t\t\t<div class=\"elementor-button-wrapper\">\n\t\t\t\t\t<a class=\"elementor-button elementor-button-link elementor-size-xl\" href=\"https:\/\/andinadental.org\/page\/es\/sobre-ads\/equipo-administrativo\/\">\n\t\t\t\t\t\t<span class=\"elementor-button-content-wrapper\">\n\t\t\t\t\t\t\t\t\t<span class=\"elementor-button-text\">Equipo <span class=\"semibold-text\">administrativo<\/span><\/span>\n\t\t\t\t\t<\/span>\n\t\t\t\t\t<\/a>\n\t\t\t\t<\/div>\n\t\t\t\t\t\t\t\t<\/div>\n\t\t\t\t<\/div>\n\t\t\t\t\t<\/div>\n\t\t\t\t<\/div>\n\t\t<div class=\"elementor-element elementor-element-f4f1127 e-flex e-con-boxed e-con e-parent\" data-id=\"f4f1127\" data-element_type=\"container\" data-e-type=\"container\">\n\t\t\t\t\t<div class=\"e-con-inner\">\n\t\t\t\t<div class=\"elementor-element elementor-element-aa9dac9 elementor-widget elementor-widget-spacer\" data-id=\"aa9dac9\" data-element_type=\"widget\" data-e-type=\"widget\" data-widget_type=\"spacer.default\">\n\t\t\t\t<div class=\"elementor-widget-container\">\n\t\t\t\t\t\t\t<div class=\"elementor-spacer\">\n\t\t\t<div class=\"elementor-spacer-inner\"><\/div>\n\t\t<\/div>\n\t\t\t\t\t\t<\/div>\n\t\t\t\t<\/div>\n\t\t\t\t\t<\/div>\n\t\t\t\t<\/div>\n\t\t\t\t<\/div>\n\t\t","protected":false},"excerpt":{"rendered":"<p>En Andina Dental Studio trabajamos todos los d\u00edas por tener un impacto positivo en nuestra comunidad a trav\u00e9s de la odontolog\u00eda. Somos Andres y Catalina,Abrimos esta cl\u00ednica hace dos a\u00f1os, esforz\u00e1ndonos para convertirla en una soluci\u00f3n para las familias que quieren sentir confianza y belleza a trav\u00e9s de una sonrisa sana.Trabajamos todos los d\u00edas para [&hellip;]<\/p>\n","protected":false},"author":1,"featured_media":0,"parent":0,"menu_order":0,"comment_status":"closed","ping_status":"closed","template":"","meta":{"pagelayer_contact_templates":[],"_pagelayer_content":"","site-sidebar-layout":"no-sidebar","site-content-layout":"page-builder","ast-site-content-layout":"full-width-container","site-content-style":"default","site-sidebar-style":"default","ast-global-header-display":"","ast-banner-title-visibility":"","ast-main-header-display":"","ast-hfb-above-header-display":"","ast-hfb-below-header-display":"","ast-hfb-mobile-header-display":"","site-post-title":"disabled","ast-breadcrumbs-content":"","ast-featured-img":"disabled","footer-sml-layout":"","ast-disable-related-posts":"","theme-transparent-header-meta":"","adv-header-id-meta":"","stick-header-meta":"","header-above-stick-meta":"","header-main-stick-meta":"","header-below-stick-meta":"","astra-migrate-meta-layouts":"set","ast-page-background-enabled":"default","ast-page-background-meta":{"desktop":{"background-color":"var(--ast-global-color-4)","background-image":"","background-repeat":"repeat","background-position":"center center","background-size":"auto","background-attachment":"scroll","background-type":"","background-media":"","overlay-type":"","overlay-color":"","overlay-opacity":"","overlay-gradient":""},"tablet":{"background-color":"","background-image":"","background-repeat":"repeat","background-position":"center center","background-size":"auto","background-attachment":"scroll","background-type":"","background-media":"","overlay-type":"","overlay-color":"","overlay-opacity":"","overlay-gradient":""},"mobile":{"background-color":"","background-image":"","background-repeat":"repeat","background-position":"center center","background-size":"auto","background-attachment":"scroll","background-type":"","background-media":"","overlay-type":"","overlay-color":"","overlay-opacity":"","overlay-gradient":""}},"ast-content-background-meta":{"desktop":{"background-color":"var(--ast-global-color-5)","background-image":"","background-repeat":"repeat","background-position":"center center","background-size":"auto","background-attachment":"scroll","background-type":"","background-media":"","overlay-type":"","overlay-color":"","overlay-opacity":"","overlay-gradient":""},"tablet":{"background-color":"var(--ast-global-color-5)","background-image":"","background-repeat":"repeat","background-position":"center center","background-size":"auto","background-attachment":"scroll","background-type":"","background-media":"","overlay-type":"","overlay-color":"","overlay-opacity":"","overlay-gradient":""},"mobile":{"background-color":"var(--ast-global-color-5)","background-image":"","background-repeat":"repeat","background-position":"center center","background-size":"auto","background-attachment":"scroll","background-type":"","background-media":"","overlay-type":"","overlay-color":"","overlay-opacity":"","overlay-gradient":""}},"footnotes":""},"class_list":["post-991","page","type-page","status-publish","hentry"],"_links":{"self":[{"href":"https:\/\/andinadental.org\/page\/wp-json\/wp\/v2\/pages\/991","targetHints":{"allow":["GET"]}}],"collection":[{"href":"https:\/\/andinadental.org\/page\/wp-json\/wp\/v2\/pages"}],"about":[{"href":"https:\/\/andinadental.org\/page\/wp-json\/wp\/v2\/types\/page"}],"author":[{"embeddable":true,"href":"https:\/\/andinadental.org\/page\/wp-json\/wp\/v2\/users\/1"}],"replies":[{"embeddable":true,"href":"https:\/\/andinadental.org\/page\/wp-json\/wp\/v2\/comments?post=991"}],"version-history":[{"count":13,"href":"https:\/\/andinadental.org\/page\/wp-json\/wp\/v2\/pages\/991\/revisions"}],"predecessor-version":[{"id":1115,"href":"https:\/\/andinadental.org\/page\/wp-json\/wp\/v2\/pages\/991\/revisions\/1115"}],"wp:attachment":[{"href":"https:\/\/andinadental.org\/page\/wp-json\/wp\/v2\/media?parent=991"}],"curies":[{"name":"wp","href":"https:\/\/api.w.org\/{rel}","templated":true}]}}