{"id":996,"date":"2023-10-04T03:53:17","date_gmt":"2023-10-04T03:53:17","guid":{"rendered":"https:\/\/andinadental.org\/page\/?page_id=996"},"modified":"2024-09-19T00:14:38","modified_gmt":"2024-09-19T00:14:38","slug":"equipo-administrativo","status":"publish","type":"page","link":"https:\/\/andinadental.org\/page\/es\/sobre-ads\/equipo-administrativo\/","title":{"rendered":"Equipo administrativo"},"content":{"rendered":"\t\t<div data-elementor-type=\"wp-page\" data-elementor-id=\"996\" class=\"elementor elementor-996\">\n\t\t\t\t<div class=\"elementor-element elementor-element-6b9b311 e-flex e-con-boxed e-con e-parent\" data-id=\"6b9b311\" data-element_type=\"container\" data-e-type=\"container\">\n\t\t\t\t\t<div class=\"e-con-inner\">\n\t\t<div class=\"elementor-element elementor-element-68d84b1 e-con-full e-flex e-con e-child\" data-id=\"68d84b1\" data-element_type=\"container\" data-e-type=\"container\" data-settings=\"{&quot;background_background&quot;:&quot;classic&quot;}\">\n\t\t\t\t<\/div>\n\t\t<div class=\"elementor-element elementor-element-49b8da9 e-con-full e-flex e-con e-child\" data-id=\"49b8da9\" data-element_type=\"container\" data-e-type=\"container\">\n\t\t\t\t<div class=\"elementor-element elementor-element-12329c6 elementor-widget elementor-widget-heading\" data-id=\"12329c6\" data-element_type=\"widget\" data-e-type=\"widget\" data-widget_type=\"heading.default\">\n\t\t\t\t<div class=\"elementor-widget-container\">\n\t\t\t\t\t<h2 class=\"elementor-heading-title elementor-size-default\">\u00a1Conoce a nuestro equipo administrativo!<\/h2>\t\t\t\t<\/div>\n\t\t\t\t<\/div>\n\t\t\t\t<div class=\"elementor-element elementor-element-eb60d5b elementor-widget elementor-widget-text-editor\" data-id=\"eb60d5b\" data-element_type=\"widget\" data-e-type=\"widget\" data-widget_type=\"text-editor.default\">\n\t\t\t\t<div class=\"elementor-widget-container\">\n\t\t\t\t\t\t\t\t\tCatalina Barrios naci\u00f3 en Bogot\u00e1, Colombia. Se gradu\u00f3 en 2004 como Administradora de Empresas en su pa\u00eds de origen. Estudi\u00f3 en la Escuela de Administraci\u00f3n de Empresas de la Universidad. En 2007 decidi\u00f3 mudarse a los Estados Unidos junto con su familia.\t\t\t\t\t\t\t\t<\/div>\n\t\t\t\t<\/div>\n\t\t\t\t<div class=\"elementor-element elementor-element-ef56a7d elementor-widget elementor-widget-text-editor\" data-id=\"ef56a7d\" data-element_type=\"widget\" data-e-type=\"widget\" data-widget_type=\"text-editor.default\">\n\t\t\t\t<div class=\"elementor-widget-container\">\n\t\t\t\t\t\t\t\t\tCatalina es la Gerente General de Andina Dental, pero m\u00e1s que eso es el coraz\u00f3n y alma de ADS. \t\t\t\t\t\t\t\t<\/div>\n\t\t\t\t<\/div>\n\t\t\t\t<\/div>\n\t\t\t\t\t<\/div>\n\t\t\t\t<\/div>\n\t\t<div class=\"elementor-element elementor-element-31a2aa8 e-flex e-con-boxed e-con e-parent\" data-id=\"31a2aa8\" data-element_type=\"container\" data-e-type=\"container\">\n\t\t\t\t\t<div class=\"e-con-inner\">\n\t\t<div class=\"elementor-element elementor-element-bb58d60 e-con-full e-flex e-con e-child\" data-id=\"bb58d60\" data-element_type=\"container\" data-e-type=\"container\">\n\t\t\t\t<\/div>\n\t\t<div class=\"elementor-element elementor-element-253d615 e-con-full e-flex e-con e-child\" data-id=\"253d615\" data-element_type=\"container\" data-e-type=\"container\" data-settings=\"{&quot;background_background&quot;:&quot;classic&quot;}\">\n\t\t\t\t<div class=\"elementor-element elementor-element-181d990 elementor-widget elementor-widget-image\" data-id=\"181d990\" data-element_type=\"widget\" data-e-type=\"widget\" data-widget_type=\"image.default\">\n\t\t\t\t<div class=\"elementor-widget-container\">\n\t\t\t\t\t\t\t\t\t\t\t\t\t\t\t<img data-opt-id=796029892  fetchpriority=\"high\" decoding=\"async\" width=\"819\" height=\"1024\" src=\"https:\/\/mlf9cnewaibj.i.optimole.com\/w:819\/h:1024\/q:mauto\/ig:avif\/https:\/\/andinadental.org\/page\/wp-content\/uploads\/2023\/09\/Andina-Dental-Portraits-019.jpg\" class=\"attachment-large size-large wp-image-680\" alt=\"\" srcset=\"https:\/\/mlf9cnewaibj.i.optimole.com\/w:819\/h:1024\/q:mauto\/ig:avif\/https:\/\/andinadental.org\/page\/wp-content\/uploads\/2023\/09\/Andina-Dental-Portraits-019-scaled.jpg 819w, https:\/\/mlf9cnewaibj.i.optimole.com\/w:240\/h:300\/q:mauto\/ig:avif\/https:\/\/andinadental.org\/page\/wp-content\/uploads\/2023\/09\/Andina-Dental-Portraits-019-scaled.jpg 240w, https:\/\/mlf9cnewaibj.i.optimole.com\/w:768\/h:960\/q:mauto\/ig:avif\/https:\/\/andinadental.org\/page\/wp-content\/uploads\/2023\/09\/Andina-Dental-Portraits-019-scaled.jpg 768w, https:\/\/mlf9cnewaibj.i.optimole.com\/w:864\/h:1080\/q:mauto\/ig:avif\/https:\/\/andinadental.org\/page\/wp-content\/uploads\/2023\/09\/Andina-Dental-Portraits-019-scaled.jpg 1229w, https:\/\/mlf9cnewaibj.i.optimole.com\/w:863\/h:1080\/q:mauto\/ig:avif\/https:\/\/andinadental.org\/page\/wp-content\/uploads\/2023\/09\/Andina-Dental-Portraits-019-scaled.jpg 1638w, https:\/\/mlf9cnewaibj.i.optimole.com\/w:864\/h:1080\/q:mauto\/ig:avif\/https:\/\/andinadental.org\/page\/wp-content\/uploads\/2023\/09\/Andina-Dental-Portraits-019-scaled.jpg 2048w\" sizes=\"(max-width: 819px) 100vw, 819px\" \/>\t\t\t\t\t\t\t\t\t\t\t\t\t\t\t<\/div>\n\t\t\t\t<\/div>\n\t\t\t\t<div class=\"elementor-element elementor-element-9eeddd4 elementor-widget elementor-widget-text-editor\" data-id=\"9eeddd4\" data-element_type=\"widget\" data-e-type=\"widget\" data-widget_type=\"text-editor.default\">\n\t\t\t\t<div class=\"elementor-widget-container\">\n\t\t\t\t\t\t\t\t\tHernando, Asistente administrativo\t\t\t\t\t\t\t\t<\/div>\n\t\t\t\t<\/div>\n\t\t\t\t<\/div>\n\t\t<div class=\"elementor-element elementor-element-37cca36 e-con-full e-flex e-con e-child\" data-id=\"37cca36\" data-element_type=\"container\" data-e-type=\"container\" data-settings=\"{&quot;background_background&quot;:&quot;classic&quot;}\">\n\t\t\t\t<div class=\"elementor-element elementor-element-29f0cf0 elementor-widget elementor-widget-image\" data-id=\"29f0cf0\" data-element_type=\"widget\" data-e-type=\"widget\" data-widget_type=\"image.default\">\n\t\t\t\t<div class=\"elementor-widget-container\">\n\t\t\t\t\t\t\t\t\t\t\t\t\t\t\t<img data-opt-id=360291747  fetchpriority=\"high\" decoding=\"async\" width=\"819\" height=\"1024\" src=\"https:\/\/mlf9cnewaibj.i.optimole.com\/w:819\/h:1024\/q:mauto\/ig:avif\/https:\/\/andinadental.org\/page\/wp-content\/uploads\/2023\/09\/Andina-Dental-Portraits-089.jpg\" class=\"attachment-large size-large wp-image-685\" alt=\"\" srcset=\"https:\/\/mlf9cnewaibj.i.optimole.com\/w:819\/h:1024\/q:mauto\/ig:avif\/https:\/\/andinadental.org\/page\/wp-content\/uploads\/2023\/09\/Andina-Dental-Portraits-089-scaled.jpg 819w, https:\/\/mlf9cnewaibj.i.optimole.com\/w:240\/h:300\/q:mauto\/ig:avif\/https:\/\/andinadental.org\/page\/wp-content\/uploads\/2023\/09\/Andina-Dental-Portraits-089-scaled.jpg 240w, https:\/\/mlf9cnewaibj.i.optimole.com\/w:768\/h:960\/q:mauto\/ig:avif\/https:\/\/andinadental.org\/page\/wp-content\/uploads\/2023\/09\/Andina-Dental-Portraits-089-scaled.jpg 768w, https:\/\/mlf9cnewaibj.i.optimole.com\/w:864\/h:1080\/q:mauto\/ig:avif\/https:\/\/andinadental.org\/page\/wp-content\/uploads\/2023\/09\/Andina-Dental-Portraits-089-scaled.jpg 1229w, https:\/\/mlf9cnewaibj.i.optimole.com\/w:863\/h:1080\/q:mauto\/ig:avif\/https:\/\/andinadental.org\/page\/wp-content\/uploads\/2023\/09\/Andina-Dental-Portraits-089-scaled.jpg 1638w, https:\/\/mlf9cnewaibj.i.optimole.com\/w:864\/h:1080\/q:mauto\/ig:avif\/https:\/\/andinadental.org\/page\/wp-content\/uploads\/2023\/09\/Andina-Dental-Portraits-089-scaled.jpg 2048w\" sizes=\"(max-width: 819px) 100vw, 819px\" \/>\t\t\t\t\t\t\t\t\t\t\t\t\t\t\t<\/div>\n\t\t\t\t<\/div>\n\t\t\t\t<div class=\"elementor-element elementor-element-40ca66b elementor-widget elementor-widget-text-editor\" data-id=\"40ca66b\" data-element_type=\"widget\" data-e-type=\"widget\" data-widget_type=\"text-editor.default\">\n\t\t\t\t<div class=\"elementor-widget-container\">\n\t\t\t\t\t\t\t\t\tLisa, Gerente cl\u00ednica\t\t\t\t\t\t\t\t<\/div>\n\t\t\t\t<\/div>\n\t\t\t\t<\/div>\n\t\t<div class=\"elementor-element elementor-element-85ab7dd e-con-full e-flex e-con e-child\" data-id=\"85ab7dd\" data-element_type=\"container\" data-e-type=\"container\">\n\t\t\t\t<\/div>\n\t\t\t\t\t<\/div>\n\t\t\t\t<\/div>\n\t\t<div class=\"elementor-element elementor-element-2fb335a e-flex e-con-boxed e-con e-parent\" data-id=\"2fb335a\" data-element_type=\"container\" data-e-type=\"container\">\n\t\t\t\t\t<div class=\"e-con-inner\">\n\t\t\t\t<div class=\"elementor-element elementor-element-9ba68af elementor-widget elementor-widget-text-editor\" data-id=\"9ba68af\" data-element_type=\"widget\" data-e-type=\"widget\" data-widget_type=\"text-editor.default\">\n\t\t\t\t<div class=\"elementor-widget-container\">\n\t\t\t\t\t\t\t\t\t\u00bfTienes alguna pregunta? Nuestro equipo te est\u00e1 esperando.\t\t\t\t\t\t\t\t<\/div>\n\t\t\t\t<\/div>\n\t\t\t\t\t<\/div>\n\t\t\t\t<\/div>\n\t\t<div class=\"elementor-element elementor-element-4b050fe e-flex e-con-boxed e-con e-parent\" data-id=\"4b050fe\" data-element_type=\"container\" data-e-type=\"container\">\n\t\t\t\t\t<div class=\"e-con-inner\">\n\t\t\t\t<div class=\"elementor-element elementor-element-ed6b83f elementor-widget elementor-widget-button\" data-id=\"ed6b83f\" data-element_type=\"widget\" data-e-type=\"widget\" data-widget_type=\"button.default\">\n\t\t\t\t<div class=\"elementor-widget-container\">\n\t\t\t\t\t\t\t\t\t<div class=\"elementor-button-wrapper\">\n\t\t\t\t\t<a class=\"elementor-button elementor-button-link elementor-size-xl\" href=\"https:\/\/andinadental.org\/page\/es\/sobre-ads\/equipo-clinico\/\">\n\t\t\t\t\t\t<span class=\"elementor-button-content-wrapper\">\n\t\t\t\t\t\t\t\t\t<span class=\"elementor-button-text\">Equipo <span class=\"semibold-text\">cl\u00ednico<\/span><\/span>\n\t\t\t\t\t<\/span>\n\t\t\t\t\t<\/a>\n\t\t\t\t<\/div>\n\t\t\t\t\t\t\t\t<\/div>\n\t\t\t\t<\/div>\n\t\t\t\t<div class=\"elementor-element elementor-element-efd09f8 elementor-widget elementor-widget-button\" data-id=\"efd09f8\" data-element_type=\"widget\" data-e-type=\"widget\" data-widget_type=\"button.default\">\n\t\t\t\t<div class=\"elementor-widget-container\">\n\t\t\t\t\t\t\t\t\t<div class=\"elementor-button-wrapper\">\n\t\t\t\t\t<a class=\"elementor-button elementor-button-link elementor-size-xl\" href=\"https:\/\/andinadental.org\/page\/es\/servicios\/\">\n\t\t\t\t\t\t<span class=\"elementor-button-content-wrapper\">\n\t\t\t\t\t\t\t\t\t<span class=\"elementor-button-text\">Servicios<\/span>\n\t\t\t\t\t<\/span>\n\t\t\t\t\t<\/a>\n\t\t\t\t<\/div>\n\t\t\t\t\t\t\t\t<\/div>\n\t\t\t\t<\/div>\n\t\t\t\t<div class=\"elementor-element elementor-element-3dd0421 elementor-widget elementor-widget-button\" data-id=\"3dd0421\" data-element_type=\"widget\" data-e-type=\"widget\" data-widget_type=\"button.default\">\n\t\t\t\t<div class=\"elementor-widget-container\">\n\t\t\t\t\t\t\t\t\t<div class=\"elementor-button-wrapper\">\n\t\t\t\t\t<a class=\"elementor-button elementor-button-link elementor-size-xl\" href=\"https:\/\/andinadental.org\/page\/es\/contacto\/\">\n\t\t\t\t\t\t<span class=\"elementor-button-content-wrapper\">\n\t\t\t\t\t\t\t\t\t<span class=\"elementor-button-text\">Agenda una cita<\/span>\n\t\t\t\t\t<\/span>\n\t\t\t\t\t<\/a>\n\t\t\t\t<\/div>\n\t\t\t\t\t\t\t\t<\/div>\n\t\t\t\t<\/div>\n\t\t\t\t\t<\/div>\n\t\t\t\t<\/div>\n\t\t\t\t<\/div>\n\t\t","protected":false},"excerpt":{"rendered":"<p>\u00a1Conoce a nuestro equipo administrativo! Catalina Barrios naci\u00f3 en Bogot\u00e1, Colombia. Se gradu\u00f3 en 2004 como Administradora de Empresas en su pa\u00eds de origen. Estudi\u00f3 en la Escuela de Administraci\u00f3n de Empresas de la Universidad. En 2007 decidi\u00f3 mudarse a los Estados Unidos junto con su familia.Catalina es la Gerente General de Andina Dental, pero [&hellip;]<\/p>\n","protected":false},"author":1,"featured_media":0,"parent":991,"menu_order":0,"comment_status":"closed","ping_status":"closed","template":"","meta":{"pagelayer_contact_templates":[],"_pagelayer_content":"","site-sidebar-layout":"no-sidebar","site-content-layout":"page-builder","ast-site-content-layout":"full-width-container","site-content-style":"default","site-sidebar-style":"default","ast-global-header-display":"","ast-banner-title-visibility":"","ast-main-header-display":"","ast-hfb-above-header-display":"","ast-hfb-below-header-display":"","ast-hfb-mobile-header-display":"","site-post-title":"disabled","ast-breadcrumbs-content":"","ast-featured-img":"disabled","footer-sml-layout":"","ast-disable-related-posts":"","theme-transparent-header-meta":"","adv-header-id-meta":"","stick-header-meta":"","header-above-stick-meta":"","header-main-stick-meta":"","header-below-stick-meta":"","astra-migrate-meta-layouts":"set","ast-page-background-enabled":"default","ast-page-background-meta":{"desktop":{"background-color":"var(--ast-global-color-4)","background-image":"","background-repeat":"repeat","background-position":"center center","background-size":"auto","background-attachment":"scroll","background-type":"","background-media":"","overlay-type":"","overlay-color":"","overlay-opacity":"","overlay-gradient":""},"tablet":{"background-color":"","background-image":"","background-repeat":"repeat","background-position":"center center","background-size":"auto","background-attachment":"scroll","background-type":"","background-media":"","overlay-type":"","overlay-color":"","overlay-opacity":"","overlay-gradient":""},"mobile":{"background-color":"","background-image":"","background-repeat":"repeat","background-position":"center center","background-size":"auto","background-attachment":"scroll","background-type":"","background-media":"","overlay-type":"","overlay-color":"","overlay-opacity":"","overlay-gradient":""}},"ast-content-background-meta":{"desktop":{"background-color":"var(--ast-global-color-5)","background-image":"","background-repeat":"repeat","background-position":"center center","background-size":"auto","background-attachment":"scroll","background-type":"","background-media":"","overlay-type":"","overlay-color":"","overlay-opacity":"","overlay-gradient":""},"tablet":{"background-color":"var(--ast-global-color-5)","background-image":"","background-repeat":"repeat","background-position":"center center","background-size":"auto","background-attachment":"scroll","background-type":"","background-media":"","overlay-type":"","overlay-color":"","overlay-opacity":"","overlay-gradient":""},"mobile":{"background-color":"var(--ast-global-color-5)","background-image":"","background-repeat":"repeat","background-position":"center center","background-size":"auto","background-attachment":"scroll","background-type":"","background-media":"","overlay-type":"","overlay-color":"","overlay-opacity":"","overlay-gradient":""}},"footnotes":""},"class_list":["post-996","page","type-page","status-publish","hentry"],"_links":{"self":[{"href":"https:\/\/andinadental.org\/page\/wp-json\/wp\/v2\/pages\/996","targetHints":{"allow":["GET"]}}],"collection":[{"href":"https:\/\/andinadental.org\/page\/wp-json\/wp\/v2\/pages"}],"about":[{"href":"https:\/\/andinadental.org\/page\/wp-json\/wp\/v2\/types\/page"}],"author":[{"embeddable":true,"href":"https:\/\/andinadental.org\/page\/wp-json\/wp\/v2\/users\/1"}],"replies":[{"embeddable":true,"href":"https:\/\/andinadental.org\/page\/wp-json\/wp\/v2\/comments?post=996"}],"version-history":[{"count":10,"href":"https:\/\/andinadental.org\/page\/wp-json\/wp\/v2\/pages\/996\/revisions"}],"predecessor-version":[{"id":1122,"href":"https:\/\/andinadental.org\/page\/wp-json\/wp\/v2\/pages\/996\/revisions\/1122"}],"up":[{"embeddable":true,"href":"https:\/\/andinadental.org\/page\/wp-json\/wp\/v2\/pages\/991"}],"wp:attachment":[{"href":"https:\/\/andinadental.org\/page\/wp-json\/wp\/v2\/media?parent=996"}],"curies":[{"name":"wp","href":"https:\/\/api.w.org\/{rel}","templated":true}]}}